{"id":24,"date":"2022-11-03T20:22:36","date_gmt":"2022-11-03T19:22:36","guid":{"rendered":"http:\/\/kotlownia.lo9.szczecin.pl\/?page_id=24"},"modified":"2022-11-04T11:03:11","modified_gmt":"2022-11-04T10:03:11","slug":"kotlownia-w-przeszlosci","status":"publish","type":"page","link":"http:\/\/kotlownia.lo9.szczecin.pl\/?page_id=24","title":{"rendered":"Kot\u0142ownia w przesz\u0142o\u015bci"},"content":{"rendered":"\n<p>Ten kawa\u0142ek strony Kot\u0142owni po\u015bwi\u0119cili\u015bmy jej przesz\u0142o\u015bci i ukazaniu ewolucji naszego szczytnego projektu. Zapraszamy do obejrzenia fotorelacji z <a href=\"http:\/\/kotlownia.lo9.szczecin.pl\/?page_id=26\">kot\u0142owni 2014<\/a>, oraz <a href=\"http:\/\/kotlownia.lo9.szczecin.pl\/?page_id=53\">kot\u0142owni 2013<\/a>.<\/p>\n","protected":false},"excerpt":{"rendered":"<p>Ten kawa\u0142ek strony Kot\u0142owni po\u015bwi\u0119cili\u015bmy jej przesz\u0142o\u015bci i ukazaniu ewolucji naszego szczytnego projektu. Zapraszamy do obejrzenia fotorelacji z kot\u0142owni 2014, oraz kot\u0142owni 2013.<\/p>\n","protected":false},"author":1,"featured_media":0,"parent":0,"menu_order":0,"comment_status":"closed","ping_status":"closed","template":"","meta":{"footnotes":""},"class_list":["post-24","page","type-page","status-publish","hentry"],"_links":{"self":[{"href":"http:\/\/kotlownia.lo9.szczecin.pl\/index.php?rest_route=\/wp\/v2\/pages\/24","targetHints":{"allow":["GET"]}}],"collection":[{"href":"http:\/\/kotlownia.lo9.szczecin.pl\/index.php?rest_route=\/wp\/v2\/pages"}],"about":[{"href":"http:\/\/kotlownia.lo9.szczecin.pl\/index.php?rest_route=\/wp\/v2\/types\/page"}],"author":[{"embeddable":true,"href":"http:\/\/kotlownia.lo9.szczecin.pl\/index.php?rest_route=\/wp\/v2\/users\/1"}],"replies":[{"embeddable":true,"href":"http:\/\/kotlownia.lo9.szczecin.pl\/index.php?rest_route=%2Fwp%2Fv2%2Fcomments&post=24"}],"version-history":[{"count":2,"href":"http:\/\/kotlownia.lo9.szczecin.pl\/index.php?rest_route=\/wp\/v2\/pages\/24\/revisions"}],"predecessor-version":[{"id":92,"href":"http:\/\/kotlownia.lo9.szczecin.pl\/index.php?rest_route=\/wp\/v2\/pages\/24\/revisions\/92"}],"wp:attachment":[{"href":"http:\/\/kotlownia.lo9.szczecin.pl\/index.php?rest_route=%2Fwp%2Fv2%2Fmedia&parent=24"}],"curies":[{"name":"wp","href":"https:\/\/api.w.org\/{rel}","templated":true}]}}